{"id":9,"date":"2018-08-01T11:51:51","date_gmt":"2018-08-01T11:51:51","guid":{"rendered":"http:\/\/serwer1324881.home.pl\/autoinstalator\/wordpress2\/?page_id=9"},"modified":"2022-07-21T13:28:22","modified_gmt":"2022-07-21T13:28:22","slug":"main","status":"publish","type":"page","link":"https:\/\/brandcode.com.pl\/","title":{"rendered":"BrandCode &#8211; Agencja Kreatywna"},"content":{"rendered":"<p>[vc_row][vc_column]<!-- The Grid Plugin Version 2.7.9.1 --><!-- The Grid Debug Mode Enabled - Execution Time: 0.0094s for 8 items --><!-- The Grid Cache Enabled - Date: 04\/14\/26, 11:54:57 AM --><!-- The Grid Wrapper Start --><div class=\"tg-grid-wrapper caracas-grid tg-grid-loading tg-nav-sqr-thin full-height\" id=\"grid-3968\" data-version=\"2.7.9.1\"><!-- The Grid Styles --><style class=\"tg-grid-styles\" type=\"text\/css\" scoped>#grid-3968{margin-top:5px;margin-bottom:5px;margin-left:5px;margin-right:5px}#grid-3968 .tg-nav-border:hover,#grid-3968 .tg-page-number.tg-page-current,#grid-3968 .tg-filter.tg-filter-active:not(.tg-dropdown-item){border-color:#2fbfc1}#grid-3968 .tg-nav-border,#grid-3968 .tg-dropdown-holder:hover,#grid-3968 .tg-search-inner:hover,#grid-3968 .tg-sorter-order:hover,#grid-3968 .tg-disabled:hover i{border:1px solid #C0C0C0}#grid-3968 .tg-search-clear,#grid-3968 .tg-search-clear:hover{border:none;border-left:1px solid #C0C0C0}#grid-3968 .tg-nav-color:not(.dots):not(.tg-dropdown-value):not(.tg-dropdown-title):hover,#grid-3968 .tg-nav-color:hover .tg-nav-color,#grid-3968 .tg-page-number.tg-page-current,#grid-3968 .tg-filter.tg-filter-active span:not(.tg-filter-count){color:#2fbfc1}.tg-nav-sqr-thin .tg-page-number.dots{border:none !important}.tg-nav-sqr-thin .tg-grid-area-left i,.tg-nav-sqr-thin .tg-grid-area-right i{line-height:38px}.tg-nav-sqr-thin .tg-page-number.dots,.tg-nav-sqr-thin .tg-slider-bullets{height:32px}.tg-nav-sqr-thin .tg-search-icon,.tg-nav-sqr-thin .tg-sorter-order i{font-weight:100}.tg-nav-sqr-thin .tg-page-number.dots,.tg-nav-sqr-thin .tg-search-inner,.tg-nav-sqr-thin .tg-search-clear,.tg-nav-sqr-thin .tg-sorter-order,.tg-nav-sqr-thin .tg-left-arrow,.tg-nav-sqr-thin .tg-right-arrow{border:none}.tg-nav-sqr-thin .tg-dropdown-list{margin-top:1px}#grid-3968 .tg-nav-color,#grid-3968 .tg-search-icon:hover:before,#grid-3968 .tg-search-icon:hover input,#grid-3968 .tg-disabled:hover .tg-icon-left-arrow,#grid-3968 .tg-disabled:hover .tg-icon-right-arrow,#grid-3968 .tg-dropdown-title.tg-nav-color:hover{color:#444444}#grid-3968 input.tg-search:hover{color:#444444 !important}#grid-3968 input.tg-search::-webkit-input-placeholder{color:#444444}#grid-3968 input.tg-search::-moz-placeholder{color:#444444;opacity:1}#grid-3968 input.tg-search:-ms-input-placeholder{color:#444444}.grid-3968 .tg-dropdown-item{color:#777777;background:#ffffff}.grid-3968 .tg-filter-active,.grid-3968 .tg-dropdown-item:hover{color:#ffffff;background:#2fbfc1}#grid-3968 .tg-slider-bullets li.tg-active-item span{background:#59585b}#grid-3968 .tg-slider-bullets li span{background:#DDDDDD}#grid-3968 .tg-grid-area-top2{text-align:center;margin-bottom:60px}.roma a,.roma a:active,.roma a:focus,.roma .tg-item-title{text-decoration:none;border:none;-webkit-box-shadow:none;box-shadow:none;-webkit-transition:opacity 0.25s ease,color 0.25s ease,-webkit-transform 0.3s ease-in-out;-moz-transition:opacity 0.25s ease,color 0.25s ease,-moz-transform 0.3s ease-in-out;-ms-transition:opacity 0.25s ease,color 0.25s ease,-ms-transform 0.3s ease-in-out;-o-transition:opacity 0.25s ease,color 0.25s ease,-o-transform 0.3s ease-in-out;transition:opacity 0.25s ease,color 0.25s ease,transform 0.3s ease-in-out}.roma.tg-item{cursor:pointer}.roma .tg-item-inner{overflow:hidden}.roma .tg-item-content{position:absolute;display:block;bottom:0;left:0;right:0;padding:10px;opacity:0;-webkit-transform:translateY(100%);-moz-transform:translateY(100%);-ms-transform:translateY(100%);-o-transform:translateY(100%);transform:translateY(100%)}.roma:hover .tg-item-content{opacity:1;-webkit-transform:translateY(0);-moz-transform:translateY(0);-ms-transform:translateY(0);-o-transform:translateY(0);transform:translateY(0)}.roma .tg-media-icon{position:absolute;display:block;top:50%;left:50%;margin:-18px 0 0 -18px;opacity:0}.roma:hover .tg-media-icon{opacity:1}.roma .tg-media-icon i{position:relative;display:block;width:36px;height:36px;line-height:36px;font-size:32px;line-height:36px;text-align:center;text-shadow:0 0 6px rgba(0,0,0,0.5)}.roma .tg-item-media-overlay .tg-media-button{opacity:0 !important}.roma .tg-item-media-overlay .tg-media-button,.roma .tg-item-media-overlay,.roma .tg-item-media-holder,.roma .tg-item-overlay{position:absolute;display:block;top:0;left:0;bottom:0;right:0;margin:0}.roma .tg-item-content{opacity:0}.roma:hover .tg-item-content,.roma:hover .tg-item-overlay{opacity:1}.roma .tg-item-title,.roma .tg-item-title a,.roma .tg-item-excerpt{position:relative;display:block;font-size:15px;line-height:18px;font-weight:600;margin:0 !important;padding:0 !important}.roma .tg-item-excerpt{font-size:12px;line-height:16px;font-weight:normal;padding:8px 0 0 0 !important}.roma .tg-item-media-overlay .tg-media-button i{display:none !important}.brasilia a,.brasilia a:active,.brasilia a:focus{text-decoration:none;border:none;-webkit-box-shadow:none;box-shadow:none;-webkit-transition:opacity 0.25s ease,color 0.25s ease,-webkit-transform 0.5s cubic-bezier(.39,1.89,.55,1.45);-moz-transition:opacity 0.25s ease,color 0.25s ease,-moz-transform 0.5s cubic-bezier(.39,1.89,.55,1.45);-ms-transition:opacity 0.25s ease,color 0.25s ease,-ms-transform 0.5s cubic-bezier(.39,1.89,.55,1.45);-o-transition:opacity 0.25s ease,color 0.25s ease,-o-transform 0.5s cubic-bezier(.39,1.89,.55,1.45);transition:opacity 0.25s ease,color 0.25s ease,transform 0.5s cubic-bezier(.39,1.89,.55,1.45)}.brasilia .tg-item-content,.brasilia .tg-item-media-holder,.brasilia .tg-item-overlay{position:absolute;display:block;top:0;left:0;bottom:0;right:0}.brasilia .tg-item-link{position:absolute;display:block;top:-22px;left:-28px;right:-28px;bottom:-22px}.brasilia .tg-item-content{margin:22px 28px}.brasilia .tg-item-content,.brasilia .tg-item-overlay{opacity:0}.brasilia:hover .tg-item-content,.brasilia:hover .tg-item-overlay{opacity:1}.brasilia .tg-cats-holder,.brasilia .tg-item-title,.brasilia .tg-item-footer{-webkit-transition:-webkit-transform 0.25s ease;-moz-transition:-moz-transform 0.25s ease;-ms-transition:-ms-transform 0.25s ease;-o-transition:-o-transform 0.25s ease;transition:transform 0.25s ease}.brasilia .tg-item-title,.brasilia .tg-item-title a{position:relative;display:inline-block;font-size:20px;line-height:26px;font-weight:600;margin:0 !important;padding:0 !important}.tg-layout-justified .brasilia .tg-item-title,.tg-layout-justified .brasilia .tg-item-title a{font-size:15px;line-height:18px}.brasilia .tg-item-title{margin:0 20px 0 0 !important}.brasilia .tg-item-title{-webkit-transform:translate3d(0,22px,0);-moz-transform:translate3d(0,22px,0);-ms-transform:translate3d(0,22px,0);-o-transform:translate3d(0,22px,0);transform:translate3d(0,22px,0)}.brasilia .tg-cats-holder{position:relative;display:block;margin:0 0 10px 0;font-size:13px;line-height:18px}.brasilia .tg-cats-holder{position:relative;display:block;margin:0 0 10px 0;font-size:13px;line-height:18px;-webkit-transform:translate3d(0,-22px,0);-moz-transform:translate3d(0,-22px,0);-ms-transform:translate3d(0,-22px,0);-o-transform:translate3d(0,-22px,0);transform:translate3d(0,-22px,0)}.brasilia .tg-item-footer{position:absolute;display:block;bottom:0;left:0;right:0}.brasilia:hover .tg-cats-holder,.brasilia:hover .tg-item-title{-webkit-transform:translate3d(0,0,0);-moz-transform:translate3d(0,0,0);-ms-transform:translate3d(0,0,0);-o-transform:translate3d(0,0,0);transform:translate3d(0,0,0)}.brasilia .tg-item-author{position:absolute;display:block;bottom:0;left:0;font-size:13px;line-height:13px;font-weight:600}.brasilia .tg-media-button{position:absolute;display:block;bottom:0;right:0;width:20px;height:20px;cursor:pointer;text-align:center}.brasilia h2 a:hover,.brasilia .tg-cats-holder a:hover,.brasilia .tg-media-button:hover{opacity:0.75}.brasilia .tg-media-button i{position:relative;display:block;width:20px;height:20px;font-size:20px;line-height:20px;cursor:pointer}.brasilia .tg-media-button .tg-icon-add{font-size:28px}.tg-item .tg-dark div,.tg-item .tg-dark h1,.tg-item .tg-dark h1 a,.tg-item .tg-dark h2,.tg-item .tg-dark h2 a,.tg-item .tg-dark h3,.tg-item .tg-dark h3 a,.tg-item .tg-dark h4,.tg-item .tg-dark h4 a,.tg-item .tg-dark h5,.tg-item .tg-dark h5 a,.tg-item .tg-dark h6,.tg-item .tg-dark h6 a,.tg-item .tg-dark a,.tg-item .tg-dark a.tg-link-url,.tg-item .tg-dark i,.tg-item .tg-dark .tg-media-button,.tg-item .tg-dark .tg-item-price span{color:#444444;fill:#444444;stroke:#444444;border-color:#444444}.tg-item .tg-dark p,.tg-item .tg-dark ol,.tg-item .tg-dark ul,.tg-item .tg-dark li{color:#777777;fill:#777777;stroke:#777777;border-color:#777777}.tg-item .tg-dark span,.tg-item .tg-dark .no-liked .to-heart-icon path,.tg-item .tg-dark .empty-heart .to-heart-icon path,.tg-item .tg-dark .tg-item-comment i,.tg-item .tg-dark .tg-item-price del span{color:#999999;fill:#999999;stroke:#999999;border-color:#999999}.tg-item .tg-light div,.tg-item .tg-light h1,.tg-item .tg-light h1 a,.tg-item .tg-light h2,.tg-item .tg-light h2 a,.tg-item .tg-light h3,.tg-item .tg-light h3 a,.tg-item .tg-light h4,.tg-item .tg-light h4 a,.tg-item .tg-light h5,.tg-item .tg-light h5 a,.tg-item .tg-light h6,.tg-item .tg-light h6 a,.tg-item .tg-light a,.tg-item .tg-light a.tg-link-url,.tg-item .tg-light i,.tg-item .tg-light .tg-media-button,.tg-item .tg-light .tg-item-price span{color:#ffffff;fill:#ffffff;stroke:#ffffff;border-color:#ffffff}.tg-item .tg-light p,.tg-item .tg-light ol,.tg-item .tg-light ul,.tg-item .tg-light li{color:#f6f6f6;fill:#f6f6f6;stroke:#f6f6f6;border-color:#f6f6f6}.tg-item .tg-light span,.tg-item .tg-light .no-liked .to-heart-icon path,.tg-item .tg-light .empty-heart .to-heart-icon path,.tg-item .tg-light .tg-item-comment i,.tg-item .tg-light .tg-item-price del span{color:#f5f5f5;fill:#f5f5f5;stroke:#f5f5f5;border-color:#f5f5f5}#grid-3968 .tg-item-content-holder{background-color:#ffffff}#grid-3968 .tg-item-overlay{background-color:rgba(10,10,10,0.65)}<\/style><!-- The Grid Item Sizer --><div class=\"tg-grid-sizer\"><\/div><!-- The Grid Gutter Sizer --><div class=\"tg-gutter-sizer\"><\/div><!-- The Grid Items Holder --><div class=\"tg-grid-holder tg-layout-grid\"  data-name=\"Wlasny2020\"  data-style=\"grid\" data-row=\"1\" data-layout=\"vertical\" data-rtl=\"\" data-fitrows=\"\" data-filtercomb=\"\" data-filterlogic=\"AND\" data-filterload =\"\" data-sortbyload =\"date\" data-orderload =\"true\" data-fullwidth=\"\" data-fullheight=\"null\" data-gutters=\"[[320,5],[480,5],[690,5],[1000,5],[1300,5],[9999,5]]\" data-slider='{\"itemNav\":\"null\",\"swingSpeed\":0.1,\"cycleBy\":\"null\",\"cycle\":5000,\"startAt\":1}' data-ratio=\"1.33\" data-cols=\"[[320,1],[480,1],[690,1],[1000,2],[1300,3],[9999,3]]\" data-rows=\"[[320,200],[480,200],[690,220],[1000,220],[1300,240],[9999,10]]\" data-animation='{&quot;name&quot;:&quot;Perspective Z&quot;,&quot;visible&quot;:&quot;matrix3d(1,0,0,0,0,1,0,0,0,0,1,0,0,0,0,1)&quot;,&quot;hidden&quot;:&quot;matrix3d(0.70592, 0.02465, 0.37557, -0.00062, -0.06052, 0.79532, 0.06156, -0.0001, -0.46435, -0.10342, 0.87958, -0.00146, -21.42566, 4.13698, 4.81749, 0.99197085)&quot;}' data-transition=\"700ms\" data-ajaxmethod=\"load_more\" data-ajaxdelay=\"100\" data-preloader=\"1\" data-itemdelay=\"20\" data-gallery=\"1\" data-ajax=\"\"><!-- The Grid item #1 --><article class=\"tg-item tg-post-3598 roma f1 tg-item-reveal\" data-date=\"1533285035\" data-title=\"Kolorowy Mar\" data-row=\"1\" data-col=\"1\"><div class=\"tg-item-inner\"><div class=\"tg-item-media-holder tg-light\"><div class=\"tg-item-media-inner\"><div class=\"tg-item-gallery-holder\"><div class=\"tg-item-image first-image show\" style=\"background-image: url(https:\/\/brandcode.com.pl\/wp-content\/uploads\/2018\/08\/Kolorowy_Marketing_01_2300x1533-v2-Bez-Tabletu.jpg)\"><\/div><\/div><\/div><div class=\"tg-media-icon\"><i class=\"tg-icon-zoom-2\"><\/i><\/div><div class=\"tg-item-content\"><div class=\"tg-item-overlay\"><\/div><h2 class=\"tg-item-title\"><a href=\"http:\/\/www.brandcode.com.pl\/?page_id=3497\" target=\"_self\">Kolorowy Marketing<\/a><\/h2><p class=\"tg-item-excerpt\">Projekt wewn\u0119trzny skierowany do pracownik\u00f3w firmy anga\u017cuj\u0105cy do cyklicznych aktywno\u015bci....<\/p><\/div><div class=\"tg-item-media-overlay\"><a id=\"tolb-39683598\" class=\"tg-media-button\" data-tolb-src=\"https:\/\/brandcode.com.pl\/wp-content\/uploads\/2018\/08\/Kolorowy_Marketing_01_2300x1533-v2-Bez-Tabletu.jpg\" data-tolb-type=\"image\" data-tolb-alt=\"Kolorowy_Marketing_01_2300x1533-v2-Bez-Tabletu\"><i class=\"tg-icon-zoom-2\"><\/i><\/a><\/div><\/div><\/div><\/article><!-- The Grid item #2 --><article class=\"tg-item tg-post-3614 roma f1 tg-item-reveal\" data-date=\"1531653765\" data-title=\"Stoiska\" data-row=\"1\" data-col=\"1\"><div class=\"tg-item-inner\"><div class=\"tg-item-media-holder tg-light\"><div class=\"tg-item-media-inner\"><div class=\"tg-item-gallery-holder\"><div class=\"tg-item-image first-image show\" style=\"background-image: url(https:\/\/brandcode.com.pl\/wp-content\/uploads\/2018\/08\/01_STOISKA_03_2300x1533-v2.jpg)\"><\/div><\/div><\/div><div class=\"tg-media-icon\"><i class=\"tg-icon-zoom-2\"><\/i><\/div><div class=\"tg-item-content\"><div class=\"tg-item-overlay\"><\/div><h2 class=\"tg-item-title\"><a href=\"http:\/\/www.brandcode.com.pl\/?page_id=3652%20\" target=\"_self\">Stoiska<\/a><\/h2><p class=\"tg-item-excerpt\">Wykonujemy projekty graficzne stoisk jednorazowych oraz modu\u0142owych dzier\u017cawionych w okre\u015blonym...<\/p><\/div><div class=\"tg-item-media-overlay\"><a id=\"tolb-39683614\" class=\"tg-media-button\" data-tolb-src=\"https:\/\/brandcode.com.pl\/wp-content\/uploads\/2018\/08\/01_STOISKA_03_2300x1533-v2.jpg\" data-tolb-type=\"image\" data-tolb-alt=\"\"><i class=\"tg-icon-zoom-2\"><\/i><\/a><\/div><\/div><\/div><\/article><!-- The Grid item #3 --><article class=\"tg-item tg-post-3609 roma f1 tg-item-reveal\" data-date=\"1531566876\" data-title=\"Share Of Voi\" data-row=\"1\" data-col=\"1\"><div class=\"tg-item-inner\"><div class=\"tg-item-media-holder tg-light\"><div class=\"tg-item-media-inner\"><div class=\"tg-item-gallery-holder\"><div class=\"tg-item-image first-image show\" style=\"background-image: url(https:\/\/brandcode.com.pl\/wp-content\/uploads\/2018\/08\/01_AZYCYNA_04_2300x1533.jpg)\"><\/div><\/div><\/div><div class=\"tg-media-icon\"><i class=\"tg-icon-zoom-2\"><\/i><\/div><div class=\"tg-item-content\"><div class=\"tg-item-overlay\"><\/div><h2 class=\"tg-item-title\"><a href=\"http:\/\/www.brandcode.com.pl\/?page_id=3637\" target=\"_self\">Share Of Voice<\/a><\/h2><p class=\"tg-item-excerpt\">Kreujemy aktywno\u015bci SoV wspieraj\u0105ce prac\u0119 KM. Pracujemy na zapami\u0119tywalno\u015b\u0107 produktu i wizyty....<\/p><\/div><div class=\"tg-item-media-overlay\"><a id=\"tolb-39683609\" class=\"tg-media-button\" data-tolb-src=\"https:\/\/brandcode.com.pl\/wp-content\/uploads\/2018\/08\/01_AZYCYNA_04_2300x1533.jpg\" data-tolb-type=\"image\" data-tolb-alt=\"\"><i class=\"tg-icon-zoom-2\"><\/i><\/a><\/div><\/div><\/div><\/article><!-- The Grid item #4 --><article class=\"tg-item tg-post-3607 roma f1 tg-item-reveal\" data-date=\"1531480386\" data-title=\"Opakowania\" data-row=\"1\" data-col=\"1\"><div class=\"tg-item-inner\"><div class=\"tg-item-media-holder tg-light\"><div class=\"tg-item-media-inner\"><div class=\"tg-item-gallery-holder\"><div class=\"tg-item-image first-image show\" style=\"background-image: url(https:\/\/brandcode.com.pl\/wp-content\/uploads\/2018\/08\/01_ATOPERAL_06_2300x1533-1.jpg)\"><\/div><\/div><\/div><div class=\"tg-media-icon\"><i class=\"tg-icon-zoom-2\"><\/i><\/div><div class=\"tg-item-content\"><div class=\"tg-item-overlay\"><\/div><h2 class=\"tg-item-title\"><a href=\"http:\/\/www.brandcode.com.pl\/?page_id=3649\" target=\"_self\">Opakowania<\/a><\/h2><\/div><div class=\"tg-item-media-overlay\"><a id=\"tolb-39683607\" class=\"tg-media-button\" data-tolb-src=\"https:\/\/brandcode.com.pl\/wp-content\/uploads\/2018\/08\/01_ATOPERAL_06_2300x1533-1.jpg\" data-tolb-type=\"image\" data-tolb-alt=\"01_ATOPERAL_06_2300x1533\"><i class=\"tg-icon-zoom-2\"><\/i><\/a><\/div><\/div><\/div><\/article><!-- The Grid item #5 --><article class=\"tg-item tg-post-3600 roma f1 tg-item-reveal\" data-date=\"1531384329\" data-title=\"Key Visual\" data-row=\"1\" data-col=\"1\"><div class=\"tg-item-inner\"><div class=\"tg-item-media-holder tg-light\"><div class=\"tg-item-media-inner\"><div class=\"tg-item-gallery-holder\"><div class=\"tg-item-image first-image show\" style=\"background-image: url(https:\/\/brandcode.com.pl\/wp-content\/uploads\/2018\/08\/02_METMIN_01_2300x1533-v2.jpg)\"><\/div><\/div><\/div><div class=\"tg-media-icon\"><i class=\"tg-icon-zoom-2\"><\/i><\/div><div class=\"tg-item-content\"><div class=\"tg-item-overlay\"><\/div><h2 class=\"tg-item-title\"><a href=\"http:\/\/www.brandcode.com.pl\/?page_id=3499\" target=\"_self\">Key Visual<\/a><\/h2><\/div><div class=\"tg-item-media-overlay\"><a id=\"tolb-39683600\" class=\"tg-media-button\" data-tolb-src=\"https:\/\/brandcode.com.pl\/wp-content\/uploads\/2018\/08\/02_METMIN_01_2300x1533-v2.jpg\" data-tolb-type=\"image\" data-tolb-alt=\"\"><i class=\"tg-icon-zoom-2\"><\/i><\/a><\/div><\/div><\/div><\/article><!-- The Grid item #6 --><article class=\"tg-item tg-post-3611 roma f1 tg-item-reveal\" data-date=\"1531307856\" data-title=\"Digital\" data-row=\"1\" data-col=\"1\"><div class=\"tg-item-inner\"><div class=\"tg-item-media-holder tg-light\"><div class=\"tg-item-media-inner\"><div class=\"tg-item-gallery-holder\"><div class=\"tg-item-image first-image show\" style=\"background-image: url(https:\/\/brandcode.com.pl\/wp-content\/uploads\/2018\/08\/TABLETY_startowa_2300x1533.jpg)\"><\/div><\/div><\/div><div class=\"tg-media-icon\"><i class=\"tg-icon-zoom-2\"><\/i><\/div><div class=\"tg-item-content\"><div class=\"tg-item-overlay\"><\/div><h2 class=\"tg-item-title\"><a href=\"http:\/\/www.brandcode.com.pl\/?page_id=3507\" target=\"_self\">Digital<\/a><\/h2><\/div><div class=\"tg-item-media-overlay\"><a id=\"tolb-39683611\" class=\"tg-media-button\" data-tolb-src=\"https:\/\/brandcode.com.pl\/wp-content\/uploads\/2018\/08\/TABLETY_startowa_2300x1533.jpg\" data-tolb-type=\"image\" data-tolb-alt=\"TABLETY_startowa_2300x1533\"><i class=\"tg-icon-zoom-2\"><\/i><\/a><\/div><\/div><\/div><\/article><!-- The Grid item #7 --><article class=\"tg-item tg-post-1 roma f1 tg-item-reveal\" data-date=\"1531194501\" data-title=\"Adateam\" data-row=\"1\" data-col=\"1\"><div class=\"tg-item-inner\"><div class=\"tg-item-media-holder tg-light\"><div class=\"tg-item-media-inner\"><div class=\"tg-item-gallery-holder\"><div class=\"tg-item-image first-image show\" style=\"background-image: url(https:\/\/brandcode.com.pl\/wp-content\/uploads\/2018\/08\/ADATEAM_startowa_2300x1533.jpg)\"><\/div><\/div><\/div><div class=\"tg-media-icon\"><i class=\"tg-icon-zoom-2\"><\/i><\/div><div class=\"tg-item-content\"><div class=\"tg-item-overlay\"><\/div><h2 class=\"tg-item-title\"><a href=\"http:\/\/www.brandcode.com.pl\/?page_id=152\" target=\"_self\">Adateam<\/a><\/h2><p class=\"tg-item-excerpt\">Kompleksowa kreacja kampanii dla portfolio urologii. BrandCode jest autorem pomys\u0142\u00f3w na KV,...<\/p><\/div><div class=\"tg-item-media-overlay\"><a id=\"tolb-39681\" class=\"tg-media-button\" data-tolb-src=\"https:\/\/brandcode.com.pl\/wp-content\/uploads\/2018\/08\/ADATEAM_startowa_2300x1533.jpg\" data-tolb-type=\"image\" data-tolb-alt=\"\"><i class=\"tg-icon-zoom-2\"><\/i><\/a><\/div><\/div><\/div><\/article><!-- The Grid item #8 --><article class=\"tg-item tg-post-3493 roma f7 f12 f16 f40 tg-item-reveal\" data-date=\"1530452314\" data-title=\"MUMIOterapia\" data-row=\"1\" data-col=\"1\"><div class=\"tg-item-inner\"><div class=\"tg-item-media-holder tg-light\"><div class=\"tg-item-media-inner\"><div class=\"tg-item-gallery-holder\"><div class=\"tg-item-image first-image show\" style=\"background-image: url(https:\/\/brandcode.com.pl\/wp-content\/uploads\/2018\/08\/MumioTERAPIA_2_motion_01_blue_2300x1533.gif)\"><\/div><\/div><\/div><div class=\"tg-media-icon\"><i class=\"tg-icon-zoom-2\"><\/i><\/div><div class=\"tg-item-content\"><div class=\"tg-item-overlay\"><\/div><h2 class=\"tg-item-title\"><a href=\"http:\/\/www.brandcode.com.pl\/?page_id=178\" target=\"_self\">MUMIOterapia<\/a><\/h2><p class=\"tg-item-excerpt\">Kampania zrealizowana na przestrzeni 2017 oraz 2018 roku. Podczas 2 sezon\u00f3w zapraszali\u015bmy...<\/p><\/div><div class=\"tg-item-media-overlay\"><a id=\"tolb-39683493\" class=\"tg-media-button\" data-tolb-src=\"https:\/\/brandcode.com.pl\/wp-content\/uploads\/2018\/08\/MumioTERAPIA_2_motion_01_blue_2300x1533.gif\" data-tolb-type=\"image\" data-tolb-alt=\"\"><i class=\"tg-icon-zoom-2\"><\/i><\/a><\/div><\/div><\/div><\/article><\/div><div class=\"tg-grid-preloader\"><style class=\"tg-grid-preloader-styles\" type=\"text\/css\" scoped>@-webkit-keyframes line-scale{0%{-webkit-transform:scaley(1);transform:scaley(1)}50%{-webkit-transform:scaley(.4);transform:scaley(.4)}100%{-webkit-transform:scaley(1);transform:scaley(1)}}@keyframes line-scale{0%{-webkit-transform:scaley(1);transform:scaley(1)}50%{-webkit-transform:scaley(.4);transform:scaley(.4)}100%{-webkit-transform:scaley(1);transform:scaley(1)}}.line-scale>div:nth-child(1){-webkit-animation:line-scale 1s -.4s infinite cubic-bezier(.2,.68,.18,1.08);animation:line-scale 1s -.4s infinite cubic-bezier(.2,.68,.18,1.08)}.line-scale>div:nth-child(2){-webkit-animation:line-scale 1s -.3s infinite cubic-bezier(.2,.68,.18,1.08);animation:line-scale 1s -.3s infinite cubic-bezier(.2,.68,.18,1.08)}.line-scale>div:nth-child(3){-webkit-animation:line-scale 1s -.2s infinite cubic-bezier(.2,.68,.18,1.08);animation:line-scale 1s -.2s infinite cubic-bezier(.2,.68,.18,1.08)}.line-scale>div:nth-child(4){-webkit-animation:line-scale 1s -.1s infinite cubic-bezier(.2,.68,.18,1.08);animation:line-scale 1s -.1s infinite cubic-bezier(.2,.68,.18,1.08)}.line-scale>div:nth-child(5){-webkit-animation:line-scale 1s 0s infinite cubic-bezier(.2,.68,.18,1.08);animation:line-scale 1s 0s infinite cubic-bezier(.2,.68,.18,1.08)}.line-scale>div{background-color:#fff;width:4px;height:35px;border-radius:2px;margin:2px;-webkit-animation-fill-mode:both;animation-fill-mode:both;display:inline-block}#grid-3968 .tg-grid-preloader-inner>div{background:#dd3333}#grid-3968 .tg-grid-preloader-scale{transform:scale(1.31)}<\/style><div class=\"tg-grid-preloader-holder\"><div class=\"tg-grid-preloader-scale\"><div class=\"tg-grid-preloader-inner line-scale\"><div><\/div><div><\/div><div><\/div><div><\/div><div><\/div><\/div><\/div><\/div><\/div><\/div><!-- The Grid Wrapper End --><div class=\"eut-empty-space eut-height-1x\" style=\"\"><\/div><div class=\"eut-element eut-divider\" style=\"padding-top: 0px;\"><div class=\"eut-double-line-divider eut-border\"><\/div><\/div><div class=\"eut-empty-space eut-height-1x\" style=\"\"><\/div><h3 class=\"eut-element eut-title eut-align-center eut-animated-item eut-fade-in eut-duration-normal eut-h3\" style=\"\" data-delay=\"200\"><span><br>\n<h3 style=\"text-align: center;\">Projekt Mumioterapia<\/h3>\n<\/span><\/h3><video class=\"eut-element eut-embed-video\"  controls loop=\"loop\" poster=\"https:\/\/brandcode.com.pl\/wp-content\/uploads\/2018\/08\/Zrzut-ekranu-2018-08-09-o-12.10.44.jpg\"><source src=\"http:\/\/serwer1324881.home.pl\/autoinstalator\/wordpress2\/wp-content\/uploads\/2018\/08\/BrandCode_showreel.mov\" type=\"video\/webm\"><source src=\"http:\/\/serwer1324881.home.pl\/autoinstalator\/wordpress2\/wp-content\/uploads\/2018\/08\/BrandCode_showreel.mov\" type=\"video\/mp4\"><\/video><div class=\"eut-empty-space eut-height-3x\" style=\"\"><\/div>[\/vc_column][\/vc_row][vc_row][vc_column][\/vc_column][\/vc_row]<\/p>\n","protected":false},"excerpt":{"rendered":"<p>[vc_row][vc_column][\/vc_column][\/vc_row][vc_row][vc_column][\/vc_column][\/vc_row]<\/p>\n","protected":false},"author":1,"featured_media":0,"parent":0,"menu_order":0,"comment_status":"closed","ping_status":"closed","template":"page-templates\/template-section-nav.php","meta":[],"_links":{"self":[{"href":"https:\/\/brandcode.com.pl\/index.php?rest_route=\/wp\/v2\/pages\/9"}],"collection":[{"href":"https:\/\/brandcode.com.pl\/index.php?rest_route=\/wp\/v2\/pages"}],"about":[{"href":"https:\/\/brandcode.com.pl\/index.php?rest_route=\/wp\/v2\/types\/page"}],"author":[{"embeddable":true,"href":"https:\/\/brandcode.com.pl\/index.php?rest_route=\/wp\/v2\/users\/1"}],"replies":[{"embeddable":true,"href":"https:\/\/brandcode.com.pl\/index.php?rest_route=%2Fwp%2Fv2%2Fcomments&post=9"}],"version-history":[{"count":121,"href":"https:\/\/brandcode.com.pl\/index.php?rest_route=\/wp\/v2\/pages\/9\/revisions"}],"predecessor-version":[{"id":3996,"href":"https:\/\/brandcode.com.pl\/index.php?rest_route=\/wp\/v2\/pages\/9\/revisions\/3996"}],"wp:attachment":[{"href":"https:\/\/brandcode.com.pl\/index.php?rest_route=%2Fwp%2Fv2%2Fmedia&parent=9"}],"curies":[{"name":"wp","href":"https:\/\/api.w.org\/{rel}","templated":true}]}}